{"id":35,"date":"2026-02-01T22:15:43","date_gmt":"2026-02-01T21:15:43","guid":{"rendered":"http:\/\/zomado.pl\/index.php\/o-nas\/"},"modified":"2026-02-01T22:15:43","modified_gmt":"2026-02-01T21:15:43","slug":"onas","status":"publish","type":"page","link":"https:\/\/winnicawetmanskich.pl\/?page_id=35","title":{"rendered":"O Nas"},"content":{"rendered":"\n<div class=\"wp-block-group is-nowrap is-layout-flex wp-container-core-group-is-layout-f66f9956 wp-block-group-is-layout-flex\">\n<p class=\"has-text-align-left wp-container-content-ebf6bc82\">       Nasza rodzina od lat zajmuje si\u0119 plantacj\u0105 bor\u00f3wki ameryka\u0144skiej, ale ch\u0119\u0107 rozwoju, zdobywania nowych do\u015bwiadcze\u0144 oraz spe\u0142niania marze\u0144 sprawi\u0142y, \u017ce postanowili\u015bmy spr\u00f3bowa\u0107 swoich si\u0142 w produkcji wina. Pierwsze nasadzenia winoro\u015bli rozpocz\u0119li\u015bmy w 2020 roku. Nasze czo\u0142owe odmiany to Heridan, Swenson Red, Prairie Star czy Aurora. Opr\u00f3cz winogron przeznaczonych do produkcji wina mamy te\u017c odmiany deserowe bezpestkowe takie jak Einset Seedless, A1704 (nazywane Ananasem) czy Muscat Bleu. Wszystkie winogrona zbieramy r\u0119cznie, wtedy dokonujemy pierwszej selekcji jag\u00f3d, by te najlepsze trafi\u0142y do produkcji naszych win. W znacznej mierze nasze wino le\u017cakuje w d\u0119bowych beczkach, kt\u00f3rym zawdzi\u0119cza sw\u00f3j kolor i walory smakowe.<\/p>\n\n\n\n<figure class=\"wp-block-gallery has-nested-images columns-default is-cropped wp-block-gallery-1 is-layout-flex wp-block-gallery-is-layout-flex\">\n<figure class=\"wp-block-image size-large\"><img loading=\"lazy\" decoding=\"async\" width=\"774\" height=\"1024\" data-id=\"101\" src=\"https:\/\/winnicawetmanskich.pl\/wp-content\/uploads\/2026\/03\/image-3-774x1024.png\" alt=\"\" class=\"wp-image-101\" srcset=\"https:\/\/winnicawetmanskich.pl\/wp-content\/uploads\/2026\/03\/image-3-774x1024.png 774w, https:\/\/winnicawetmanskich.pl\/wp-content\/uploads\/2026\/03\/image-3-227x300.png 227w, https:\/\/winnicawetmanskich.pl\/wp-content\/uploads\/2026\/03\/image-3-768x1016.png 768w, https:\/\/winnicawetmanskich.pl\/wp-content\/uploads\/2026\/03\/image-3.png 952w\" sizes=\"auto, (max-width: 774px) 100vw, 774px\" \/><\/figure>\n\n\n\n<figure class=\"wp-block-image size-large\"><img loading=\"lazy\" decoding=\"async\" width=\"501\" height=\"1024\" data-id=\"100\" src=\"https:\/\/winnicawetmanskich.pl\/wp-content\/uploads\/2026\/03\/image-2-501x1024.png\" alt=\"\" class=\"wp-image-100\" srcset=\"https:\/\/winnicawetmanskich.pl\/wp-content\/uploads\/2026\/03\/image-2-501x1024.png 501w, https:\/\/winnicawetmanskich.pl\/wp-content\/uploads\/2026\/03\/image-2-147x300.png 147w, https:\/\/winnicawetmanskich.pl\/wp-content\/uploads\/2026\/03\/image-2-751x1536.png 751w, https:\/\/winnicawetmanskich.pl\/wp-content\/uploads\/2026\/03\/image-2.png 754w\" sizes=\"auto, (max-width: 501px) 100vw, 501px\" \/><\/figure>\n\n\n\n<figure class=\"wp-block-image size-large\"><img loading=\"lazy\" decoding=\"async\" width=\"1024\" height=\"597\" data-id=\"98\" src=\"https:\/\/winnicawetmanskich.pl\/wp-content\/uploads\/2026\/03\/image-1-1024x597.png\" alt=\"\" class=\"wp-image-98\" srcset=\"https:\/\/winnicawetmanskich.pl\/wp-content\/uploads\/2026\/03\/image-1-1024x597.png 1024w, https:\/\/winnicawetmanskich.pl\/wp-content\/uploads\/2026\/03\/image-1-300x175.png 300w, https:\/\/winnicawetmanskich.pl\/wp-content\/uploads\/2026\/03\/image-1-768x448.png 768w, https:\/\/winnicawetmanskich.pl\/wp-content\/uploads\/2026\/03\/image-1-1536x896.png 1536w, https:\/\/winnicawetmanskich.pl\/wp-content\/uploads\/2026\/03\/image-1.png 1992w\" sizes=\"auto, (max-width: 1024px) 100vw, 1024px\" \/><\/figure>\n<\/figure>\n<\/div>\n","protected":false},"excerpt":{"rendered":"<p>Nasza rodzina od lat zajmuje si\u0119 plantacj\u0105 bor\u00f3wki ameryka\u0144skiej, ale ch\u0119\u0107 rozwoju, zdobywania nowych do\u015bwiadcze\u0144 oraz spe\u0142niania marze\u0144 sprawi\u0142y, \u017ce postanowili\u015bmy spr\u00f3bowa\u0107 swoich si\u0142 w produkcji wina. Pierwsze nasadzenia winoro\u015bli rozpocz\u0119li\u015bmy w 2020 roku. Nasze czo\u0142owe odmiany to Heridan, Swenson Red, Prairie Star czy Aurora. Opr\u00f3cz winogron przeznaczonych do produkcji wina mamy te\u017c odmiany deserowe [&hellip;]<\/p>\n","protected":false},"author":1,"featured_media":0,"parent":0,"menu_order":0,"comment_status":"closed","ping_status":"closed","template":"","meta":{"footnotes":""},"class_list":["post-35","page","type-page","status-publish","hentry"],"_links":{"self":[{"href":"https:\/\/winnicawetmanskich.pl\/index.php?rest_route=\/wp\/v2\/pages\/35","targetHints":{"allow":["GET"]}}],"collection":[{"href":"https:\/\/winnicawetmanskich.pl\/index.php?rest_route=\/wp\/v2\/pages"}],"about":[{"href":"https:\/\/winnicawetmanskich.pl\/index.php?rest_route=\/wp\/v2\/types\/page"}],"author":[{"embeddable":true,"href":"https:\/\/winnicawetmanskich.pl\/index.php?rest_route=\/wp\/v2\/users\/1"}],"replies":[{"embeddable":true,"href":"https:\/\/winnicawetmanskich.pl\/index.php?rest_route=%2Fwp%2Fv2%2Fcomments&post=35"}],"version-history":[{"count":0,"href":"https:\/\/winnicawetmanskich.pl\/index.php?rest_route=\/wp\/v2\/pages\/35\/revisions"}],"wp:attachment":[{"href":"https:\/\/winnicawetmanskich.pl\/index.php?rest_route=%2Fwp%2Fv2%2Fmedia&parent=35"}],"curies":[{"name":"wp","href":"https:\/\/api.w.org\/{rel}","templated":true}]}}