{"id":43,"date":"2026-02-01T22:23:11","date_gmt":"2026-02-01T21:23:11","guid":{"rendered":"http:\/\/zomado.pl\/?page_id=43"},"modified":"2026-03-21T18:11:16","modified_gmt":"2026-03-21T18:11:16","slug":"lokalizacja","status":"publish","type":"page","link":"https:\/\/winnicawetmanskich.pl\/?page_id=43","title":{"rendered":"Lokalizacja"},"content":{"rendered":"\n<div class=\"wp-block-columns is-layout-flex wp-container-core-columns-is-layout-28f84493 wp-block-columns-is-layout-flex\">\n<div class=\"wp-block-column is-layout-flow wp-block-column-is-layout-flow\" style=\"flex-basis:50%\">\n<p>Nasza winnica znajduje si\u0119 na pi\u0119knych terenach ziemi opoczy\u0144skiej, na unikatowych w skali europejskiej z\u0142o\u017cach chalcedonitu (zwi\u0105zku krzemu), kt\u00f3ry wspomaga wzrost winoro\u015bli. W okolicy mo\u017cna zwiedzi\u0107 historyczny gr\u00f3d Inow\u0142\u00f3dz, gdzie mie\u015bci si\u0119 XIV-wieczny zamek ufundowany przez Kazimierza Wielkiego, a na skarpie dorzecza Pilicy g\u00f3ruje zabytkowy XII-wieczny ko\u015bci\u00f3\u0142 \u015bw. Idziego. Innymi pobliskimi atrakcjami turystycznymi jest bunkier w Konewce, drewniana kaplica NMP Kr\u00f3lowej w Spale, a tak\u017ce Jarmark Spalski (w okresie od kwietnia do pa\u017adziernika). Serdecznie zapraszamy do zwiedzania Winnicy Wetma\u0144skich oraz na degustacj\u0119 naszych win i sok\u00f3w.<\/p>\n\n\n\n<iframe src=\"https:\/\/www.google.com\/maps\/embed?pb=!1m18!1m12!1m3!1d2484.3579276492446!2d20.245725476762587!3d51.48829891209847!2m3!1f0!2f0!3f0!3m2!1i1024!2i768!4f13.1!3m3!1m2!1s0x471999d576f5b953%3A0x485ea77fa6eeb80!2sWinnica%20Wetma%C5%84skich!5e0!3m2!1spl!2spl!4v1772390506869!5m2!1spl!2spl\" width=\"600\" height=\"450\" style=\"border:0;\" allowfullscreen=\"\" loading=\"lazy\" referrerpolicy=\"no-referrer-when-downgrade\"><\/iframe>\n<\/div>\n\n\n\n<div class=\"wp-block-column is-layout-flow wp-block-column-is-layout-flow\" style=\"flex-basis:50%\">\n<figure class=\"wp-block-image size-large\"><img loading=\"lazy\" decoding=\"async\" width=\"1024\" height=\"461\" src=\"https:\/\/winnicawetmanskich.pl\/wp-content\/uploads\/2026\/03\/Jesien1-1024x461.jpg\" alt=\"\" class=\"wp-image-140\" style=\"aspect-ratio:2.221301700872403\" srcset=\"https:\/\/winnicawetmanskich.pl\/wp-content\/uploads\/2026\/03\/Jesien1-1024x461.jpg 1024w, https:\/\/winnicawetmanskich.pl\/wp-content\/uploads\/2026\/03\/Jesien1-300x135.jpg 300w, https:\/\/winnicawetmanskich.pl\/wp-content\/uploads\/2026\/03\/Jesien1-768x346.jpg 768w, https:\/\/winnicawetmanskich.pl\/wp-content\/uploads\/2026\/03\/Jesien1-1536x691.jpg 1536w, https:\/\/winnicawetmanskich.pl\/wp-content\/uploads\/2026\/03\/Jesien1-2048x922.jpg 2048w\" sizes=\"auto, (max-width: 1024px) 100vw, 1024px\" \/><\/figure>\n\n\n\n<figure class=\"wp-block-image size-full\"><img loading=\"lazy\" decoding=\"async\" width=\"2000\" height=\"1500\" src=\"https:\/\/winnicawetmanskich.pl\/wp-content\/uploads\/2026\/03\/4386844a-715c-4ead-a71d-f584f9a50687.jpeg\" alt=\"\" class=\"wp-image-106\" srcset=\"https:\/\/winnicawetmanskich.pl\/wp-content\/uploads\/2026\/03\/4386844a-715c-4ead-a71d-f584f9a50687.jpeg 2000w, https:\/\/winnicawetmanskich.pl\/wp-content\/uploads\/2026\/03\/4386844a-715c-4ead-a71d-f584f9a50687-300x225.jpeg 300w, https:\/\/winnicawetmanskich.pl\/wp-content\/uploads\/2026\/03\/4386844a-715c-4ead-a71d-f584f9a50687-1024x768.jpeg 1024w, https:\/\/winnicawetmanskich.pl\/wp-content\/uploads\/2026\/03\/4386844a-715c-4ead-a71d-f584f9a50687-768x576.jpeg 768w, https:\/\/winnicawetmanskich.pl\/wp-content\/uploads\/2026\/03\/4386844a-715c-4ead-a71d-f584f9a50687-1536x1152.jpeg 1536w\" sizes=\"auto, (max-width: 2000px) 100vw, 2000px\" \/><\/figure>\n<\/div>\n<\/div>\n\n\n\n<p><\/p>\n","protected":false},"excerpt":{"rendered":"<p>Nasza winnica znajduje si\u0119 na pi\u0119knych terenach ziemi opoczy\u0144skiej, na unikatowych w skali europejskiej z\u0142o\u017cach chalcedonitu (zwi\u0105zku krzemu), kt\u00f3ry wspomaga wzrost winoro\u015bli. W okolicy mo\u017cna zwiedzi\u0107 historyczny gr\u00f3d Inow\u0142\u00f3dz, gdzie mie\u015bci si\u0119 XIV-wieczny zamek ufundowany przez Kazimierza Wielkiego, a na skarpie dorzecza Pilicy g\u00f3ruje zabytkowy XII-wieczny ko\u015bci\u00f3\u0142 \u015bw. Idziego. Innymi pobliskimi atrakcjami turystycznymi jest bunkier [&hellip;]<\/p>\n","protected":false},"author":1,"featured_media":0,"parent":0,"menu_order":0,"comment_status":"closed","ping_status":"closed","template":"","meta":{"footnotes":""},"class_list":["post-43","page","type-page","status-publish","hentry"],"_links":{"self":[{"href":"https:\/\/winnicawetmanskich.pl\/index.php?rest_route=\/wp\/v2\/pages\/43","targetHints":{"allow":["GET"]}}],"collection":[{"href":"https:\/\/winnicawetmanskich.pl\/index.php?rest_route=\/wp\/v2\/pages"}],"about":[{"href":"https:\/\/winnicawetmanskich.pl\/index.php?rest_route=\/wp\/v2\/types\/page"}],"author":[{"embeddable":true,"href":"https:\/\/winnicawetmanskich.pl\/index.php?rest_route=\/wp\/v2\/users\/1"}],"replies":[{"embeddable":true,"href":"https:\/\/winnicawetmanskich.pl\/index.php?rest_route=%2Fwp%2Fv2%2Fcomments&post=43"}],"version-history":[{"count":1,"href":"https:\/\/winnicawetmanskich.pl\/index.php?rest_route=\/wp\/v2\/pages\/43\/revisions"}],"predecessor-version":[{"id":141,"href":"https:\/\/winnicawetmanskich.pl\/index.php?rest_route=\/wp\/v2\/pages\/43\/revisions\/141"}],"wp:attachment":[{"href":"https:\/\/winnicawetmanskich.pl\/index.php?rest_route=%2Fwp%2Fv2%2Fmedia&parent=43"}],"curies":[{"name":"wp","href":"https:\/\/api.w.org\/{rel}","templated":true}]}}