{"id":45,"date":"2026-02-01T22:24:05","date_gmt":"2026-02-01T21:24:05","guid":{"rendered":"http:\/\/zomado.pl\/?page_id=45"},"modified":"2026-02-01T22:24:05","modified_gmt":"2026-02-01T21:24:05","slug":"degustacje","status":"publish","type":"page","link":"https:\/\/winnicawetmanskich.pl\/?page_id=45","title":{"rendered":"Program zwiedzania i degustacje"},"content":{"rendered":"\n<p><\/p>\n\n\n\n<div class=\"wp-block-columns is-layout-flex wp-container-core-columns-is-layout-28f84493 wp-block-columns-is-layout-flex\">\n<div class=\"wp-block-column is-layout-flow wp-block-column-is-layout-flow\" style=\"flex-basis:50%\">\n<p>Zwiedzanie winnicy rozpoczynamy w winiarni \u2013 miejscu, gdzie powstaje wino. Nasi Go\u015bcie poznaj\u0105 proces jego produkcji od momentu winobrania do produktu gotowego do spo\u017cycia i&nbsp;sprzeda\u017cy. Opowiemy jak dobrze otworzy\u0107 wino oraz w&nbsp;czym i jak je pi\u0107. Kolejnym miejscem udost\u0119pnianym Go\u015bciom do zwiedzania jest piwnica, w&nbsp;kt\u00f3rej le\u017cakuj\u0105 starsze roczniki win z&nbsp;naszej winnicy. Ostatnim punktem programu jest spacer w\u015br\u00f3d winoro\u015bli, gdzie mo\u017cna zobaczy\u0107 jak dojrzewaj\u0105 winogrona. Tu\u017c obok znajduje si\u0119 nasza plantacja bor\u00f3wki ameryka\u0144skiej, co daje mo\u017cliwo\u015b\u0107 pos\u0142uchania r\u00f3wnie\u017c o tych smacznych i&nbsp;lubianych owocach.<\/p>\n\n\n\n<p>P\u00f3\u0142toragodzinne, komentowane zwiedzanie winnicy i&nbsp;winiarni to koszt tylko 80 z\u0142 za osob\u0119 (cena zawiera degustacj\u0119 trzech rodzaj\u00f3w win).<\/p>\n\n\n\n<p>Zwiedzanie odbywa si\u0119 tylko za wcze\u015bniejsz\u0105 rezerwacj\u0105 \u2013 w tym celu prosimy kontaktowa\u0107 si\u0119 telefonicznie.<\/p>\n\n\n\n<p>Do degustacji mo\u017cemy zaproponowa\u0107 r\u00f3wnie\u017c desk\u0119 ser\u00f3w, przek\u0105ski oraz naturalne soki winogronowe. Aby pozna\u0107 wi\u0119cej szczeg\u00f3\u0142\u00f3w, nale\u017cy skontaktowa\u0107 si\u0119 z nami \u2013 gor\u0105co zapraszamy!<\/p>\n\n\n\n<p>W okresie letnim organizujemy tak\u017ce sp\u0142ywy kajakowe Pilic\u0105 na odcinku Spa\u0142a \u2013 Inow\u0142\u00f3dz oraz wypo\u017cyczamy rowery, kt\u00f3rymi po zwiedzaniu winnicy mo\u017cna przejecha\u0107 na miejsce sp\u0142ywu.&nbsp;<\/p>\n\n\n\n<p>Informacje i rezerwacje:<\/p>\n\n\n\n<p>Tel.: 607 031 299<\/p>\n\n\n\n<p><\/p>\n<\/div>\n\n\n\n<div class=\"wp-block-column is-layout-flow wp-block-column-is-layout-flow\" style=\"flex-basis:50%\">\n<figure class=\"wp-block-image size-large\"><img loading=\"lazy\" decoding=\"async\" width=\"902\" height=\"1024\" src=\"https:\/\/winnicawetmanskich.pl\/wp-content\/uploads\/2026\/03\/image-902x1024.png\" alt=\"\" class=\"wp-image-96\" srcset=\"https:\/\/winnicawetmanskich.pl\/wp-content\/uploads\/2026\/03\/image-902x1024.png 902w, https:\/\/winnicawetmanskich.pl\/wp-content\/uploads\/2026\/03\/image-264x300.png 264w, https:\/\/winnicawetmanskich.pl\/wp-content\/uploads\/2026\/03\/image-768x872.png 768w, https:\/\/winnicawetmanskich.pl\/wp-content\/uploads\/2026\/03\/image.png 1296w\" sizes=\"auto, (max-width: 902px) 100vw, 902px\" \/><\/figure>\n<\/div>\n<\/div>\n\n\n\n<p><\/p>\n","protected":false},"excerpt":{"rendered":"<p>Zwiedzanie winnicy rozpoczynamy w winiarni \u2013 miejscu, gdzie powstaje wino. Nasi Go\u015bcie poznaj\u0105 proces jego produkcji od momentu winobrania do produktu gotowego do spo\u017cycia i&nbsp;sprzeda\u017cy. Opowiemy jak dobrze otworzy\u0107 wino oraz w&nbsp;czym i jak je pi\u0107. Kolejnym miejscem udost\u0119pnianym Go\u015bciom do zwiedzania jest piwnica, w&nbsp;kt\u00f3rej le\u017cakuj\u0105 starsze roczniki win z&nbsp;naszej winnicy. Ostatnim punktem programu jest [&hellip;]<\/p>\n","protected":false},"author":1,"featured_media":0,"parent":0,"menu_order":0,"comment_status":"closed","ping_status":"closed","template":"","meta":{"footnotes":""},"class_list":["post-45","page","type-page","status-publish","hentry"],"_links":{"self":[{"href":"https:\/\/winnicawetmanskich.pl\/index.php?rest_route=\/wp\/v2\/pages\/45","targetHints":{"allow":["GET"]}}],"collection":[{"href":"https:\/\/winnicawetmanskich.pl\/index.php?rest_route=\/wp\/v2\/pages"}],"about":[{"href":"https:\/\/winnicawetmanskich.pl\/index.php?rest_route=\/wp\/v2\/types\/page"}],"author":[{"embeddable":true,"href":"https:\/\/winnicawetmanskich.pl\/index.php?rest_route=\/wp\/v2\/users\/1"}],"replies":[{"embeddable":true,"href":"https:\/\/winnicawetmanskich.pl\/index.php?rest_route=%2Fwp%2Fv2%2Fcomments&post=45"}],"version-history":[{"count":0,"href":"https:\/\/winnicawetmanskich.pl\/index.php?rest_route=\/wp\/v2\/pages\/45\/revisions"}],"wp:attachment":[{"href":"https:\/\/winnicawetmanskich.pl\/index.php?rest_route=%2Fwp%2Fv2%2Fmedia&parent=45"}],"curies":[{"name":"wp","href":"https:\/\/api.w.org\/{rel}","templated":true}]}}