{"id":58,"date":"2026-02-01T22:36:39","date_gmt":"2026-02-01T21:36:39","guid":{"rendered":"http:\/\/zomado.pl\/?page_id=58"},"modified":"2026-04-30T19:50:10","modified_gmt":"2026-04-30T19:50:10","slug":"wina-prairie-star","status":"publish","type":"page","link":"https:\/\/winnicawetmanskich.pl\/?page_id=58","title":{"rendered":"Wino bia\u0142e p\u00f3\u0142wytrwane &#8211; PRAIRIE STAR"},"content":{"rendered":"\n<p><\/p>\n\n\n\n<div class=\"wp-block-columns is-layout-flex wp-container-core-columns-is-layout-28f84493 wp-block-columns-is-layout-flex\">\n<div class=\"wp-block-column is-layout-flow wp-block-column-is-layout-flow\">\n<h2 class=\"wp-block-heading\"><\/h2>\n<\/div>\n\n\n\n<div class=\"wp-block-column is-layout-flow wp-block-column-is-layout-flow\">\n<figure class=\"wp-block-image size-large\"><img loading=\"lazy\" decoding=\"async\" width=\"1024\" height=\"1024\" src=\"https:\/\/winnicawetmanskich.pl\/wp-content\/uploads\/2026\/03\/img_botle3-1024x1024.png\" alt=\"\" class=\"wp-image-132\" srcset=\"https:\/\/winnicawetmanskich.pl\/wp-content\/uploads\/2026\/03\/img_botle3-1024x1024.png 1024w, https:\/\/winnicawetmanskich.pl\/wp-content\/uploads\/2026\/03\/img_botle3-300x300.png 300w, https:\/\/winnicawetmanskich.pl\/wp-content\/uploads\/2026\/03\/img_botle3-150x150.png 150w, https:\/\/winnicawetmanskich.pl\/wp-content\/uploads\/2026\/03\/img_botle3-768x768.png 768w, https:\/\/winnicawetmanskich.pl\/wp-content\/uploads\/2026\/03\/img_botle3-1536x1536.png 1536w, https:\/\/winnicawetmanskich.pl\/wp-content\/uploads\/2026\/03\/img_botle3.png 1577w\" sizes=\"auto, (max-width: 1024px) 100vw, 1024px\" \/><\/figure>\n<\/div>\n\n\n\n<div class=\"wp-block-column is-layout-flow wp-block-column-is-layout-flow\">\n<p><\/p>\n\n\n\n<figure class=\"wp-block-image size-full is-resized\"><img loading=\"lazy\" decoding=\"async\" width=\"200\" height=\"200\" src=\"https:\/\/winnicawetmanskich.pl\/wp-content\/uploads\/2026\/03\/img_tmb1.png\" alt=\"\" class=\"wp-image-135\" style=\"width:200px;height:auto\" srcset=\"https:\/\/winnicawetmanskich.pl\/wp-content\/uploads\/2026\/03\/img_tmb1.png 200w, https:\/\/winnicawetmanskich.pl\/wp-content\/uploads\/2026\/03\/img_tmb1-150x150.png 150w\" sizes=\"auto, (max-width: 200px) 100vw, 200px\" \/><\/figure>\n\n\n\n<figure class=\"wp-block-image size-full is-resized\"><img loading=\"lazy\" decoding=\"async\" width=\"402\" height=\"408\" src=\"https:\/\/winnicawetmanskich.pl\/wp-content\/uploads\/2026\/04\/Temperatura-12.png\" alt=\"\" class=\"wp-image-168\" style=\"aspect-ratio:0.9853259562184268;width:179px;height:auto\" srcset=\"https:\/\/winnicawetmanskich.pl\/wp-content\/uploads\/2026\/04\/Temperatura-12.png 402w, https:\/\/winnicawetmanskich.pl\/wp-content\/uploads\/2026\/04\/Temperatura-12-296x300.png 296w\" sizes=\"auto, (max-width: 402px) 100vw, 402px\" \/><\/figure>\n<\/div>\n<\/div>\n\n\n\n<h2 class=\"wp-block-heading\"><\/h2>\n","protected":false},"excerpt":{"rendered":"","protected":false},"author":1,"featured_media":0,"parent":0,"menu_order":0,"comment_status":"closed","ping_status":"closed","template":"","meta":{"footnotes":""},"class_list":["post-58","page","type-page","status-publish","hentry"],"_links":{"self":[{"href":"https:\/\/winnicawetmanskich.pl\/index.php?rest_route=\/wp\/v2\/pages\/58","targetHints":{"allow":["GET"]}}],"collection":[{"href":"https:\/\/winnicawetmanskich.pl\/index.php?rest_route=\/wp\/v2\/pages"}],"about":[{"href":"https:\/\/winnicawetmanskich.pl\/index.php?rest_route=\/wp\/v2\/types\/page"}],"author":[{"embeddable":true,"href":"https:\/\/winnicawetmanskich.pl\/index.php?rest_route=\/wp\/v2\/users\/1"}],"replies":[{"embeddable":true,"href":"https:\/\/winnicawetmanskich.pl\/index.php?rest_route=%2Fwp%2Fv2%2Fcomments&post=58"}],"version-history":[{"count":4,"href":"https:\/\/winnicawetmanskich.pl\/index.php?rest_route=\/wp\/v2\/pages\/58\/revisions"}],"predecessor-version":[{"id":174,"href":"https:\/\/winnicawetmanskich.pl\/index.php?rest_route=\/wp\/v2\/pages\/58\/revisions\/174"}],"wp:attachment":[{"href":"https:\/\/winnicawetmanskich.pl\/index.php?rest_route=%2Fwp%2Fv2%2Fmedia&parent=58"}],"curies":[{"name":"wp","href":"https:\/\/api.w.org\/{rel}","templated":true}]}}