{"id":74,"date":"2026-03-01T17:33:36","date_gmt":"2026-03-01T16:33:36","guid":{"rendered":"https:\/\/zomado.pl\/?page_id=74"},"modified":"2026-03-21T18:24:31","modified_gmt":"2026-03-21T18:24:31","slug":"sadzonki","status":"publish","type":"page","link":"https:\/\/winnicawetmanskich.pl\/?page_id=74","title":{"rendered":"Sadzonki"},"content":{"rendered":"\n<p><\/p>\n\n\n\n<p>Opr\u00f3cz win mo\u017cna u nas kupi\u0107 tak\u017ce sadzonki winoro\u015bli.&nbsp;<\/p>\n\n\n\n<p>W ofercie mamy nast\u0119puj\u0105ce odmiany:<\/p>\n\n\n\n<div class=\"wp-block-columns is-layout-flex wp-container-core-columns-is-layout-28f84493 wp-block-columns-is-layout-flex\">\n<div class=\"wp-block-column is-layout-flow wp-block-column-is-layout-flow\">\n<p><strong>Heridan<\/strong><br>Sadzonki winoro\u015bli w doniczce 1,25 l \u2013 2 l odmiany przerobowej na sok i wino Heridan. Wzrost krzew\u00f3w \u015brednio silny, plenno\u015b\u0107 \u015brednio wysoka. Wytrzyma\u0142o\u015b\u0107 na mr\u00f3z w granicach -30\u00b0C, odporno\u015b\u0107 na choroby wysoka. Wino o dobrej strukturze, ciemnoczerwone, o do\u015b\u0107 typowych cechach V.riparia.<\/p>\n<\/div>\n\n\n\n<div class=\"wp-block-column is-layout-flow wp-block-column-is-layout-flow\">\n<figure class=\"wp-block-image size-large is-resized\"><img loading=\"lazy\" decoding=\"async\" width=\"679\" height=\"1024\" src=\"https:\/\/winnicawetmanskich.pl\/wp-content\/uploads\/2026\/03\/Heridan-679x1024.jpg\" alt=\"\" class=\"wp-image-147\" style=\"aspect-ratio:0.663094390527223;width:247px;height:auto\" srcset=\"https:\/\/winnicawetmanskich.pl\/wp-content\/uploads\/2026\/03\/Heridan-679x1024.jpg 679w, https:\/\/winnicawetmanskich.pl\/wp-content\/uploads\/2026\/03\/Heridan-199x300.jpg 199w, https:\/\/winnicawetmanskich.pl\/wp-content\/uploads\/2026\/03\/Heridan-768x1159.jpg 768w, https:\/\/winnicawetmanskich.pl\/wp-content\/uploads\/2026\/03\/Heridan-1018x1536.jpg 1018w, https:\/\/winnicawetmanskich.pl\/wp-content\/uploads\/2026\/03\/Heridan-1357x2048.jpg 1357w, https:\/\/winnicawetmanskich.pl\/wp-content\/uploads\/2026\/03\/Heridan-scaled.jpg 1697w\" sizes=\"auto, (max-width: 679px) 100vw, 679px\" \/><\/figure>\n<\/div>\n<\/div>\n\n\n\n<div class=\"wp-block-columns is-layout-flex wp-container-core-columns-is-layout-28f84493 wp-block-columns-is-layout-flex\">\n<div class=\"wp-block-column is-layout-flow wp-block-column-is-layout-flow\">\n<p><strong>Swenson Red<\/strong><br>Sadzonki winoro\u015bli odmiany Swenson Red. Bardzo smaczna, silnie rosn\u0105ca odmiana o jasno czerwonych jagodach. Niezwykle aromatyczne winogrona nadaj\u0105 si\u0119 zar\u00f3wno do bezpo\u015bredniego spo\u017cycia, jak i na sok czy wino. Owoce \u015bredniej wielko\u015bci, kuliste, purpurowor\u00f3\u017cowe, s\u0142odkie z malinowo-truskawkowym posmakiem. Odmiana ta wykazuje si\u0119 du\u017c\u0105 odporno\u015bci\u0105 na mr\u00f3z, wytrzymuje do -30 \u00b0C, samopylna.<\/p>\n\n\n\n<p><\/p>\n<\/div>\n\n\n\n<div class=\"wp-block-column is-layout-flow wp-block-column-is-layout-flow\">\n<figure class=\"wp-block-image size-large is-resized\"><img loading=\"lazy\" decoding=\"async\" width=\"534\" height=\"1024\" src=\"https:\/\/winnicawetmanskich.pl\/wp-content\/uploads\/2026\/03\/Swenson-Red-534x1024.jpg\" alt=\"\" class=\"wp-image-150\" style=\"aspect-ratio:0.5214887425333129;width:249px;height:auto\" srcset=\"https:\/\/winnicawetmanskich.pl\/wp-content\/uploads\/2026\/03\/Swenson-Red-534x1024.jpg 534w, https:\/\/winnicawetmanskich.pl\/wp-content\/uploads\/2026\/03\/Swenson-Red-156x300.jpg 156w, https:\/\/winnicawetmanskich.pl\/wp-content\/uploads\/2026\/03\/Swenson-Red-768x1473.jpg 768w, https:\/\/winnicawetmanskich.pl\/wp-content\/uploads\/2026\/03\/Swenson-Red-801x1536.jpg 801w, https:\/\/winnicawetmanskich.pl\/wp-content\/uploads\/2026\/03\/Swenson-Red-1067x2048.jpg 1067w, https:\/\/winnicawetmanskich.pl\/wp-content\/uploads\/2026\/03\/Swenson-Red-scaled.jpg 1334w\" sizes=\"auto, (max-width: 534px) 100vw, 534px\" \/><\/figure>\n<\/div>\n<\/div>\n\n\n\n<div class=\"wp-block-columns is-layout-flex wp-container-core-columns-is-layout-28f84493 wp-block-columns-is-layout-flex\">\n<div class=\"wp-block-column is-layout-flow wp-block-column-is-layout-flow\">\n<p><strong>Einset Seedless<\/strong><br>Sadzonki winoro\u015bli w doniczce 1,25 l i 2 l odmiany bezpestkowej deserowej i na sok Einset Seedless. Najlepsza dla polskich warunk\u00f3w klimatycznych odmiana beznasienna. Krzewy znosz\u0105 r\u00f3\u017cne rodzaje ci\u0119cia \u2013 r\u00f3wnie\u017c kr\u00f3tkie. Jagody bardzo s\u0142odkie, \u015bredniej wielko\u015bci, bez pestek lub z mi\u0119kkimi szcz\u0105tkowymi pestkami,\u00a0 czerwono-fioletowe z woskowym nalotem. Mi\u0105\u017csz ma lekko truskawkowy aromat, a sk\u00f3rka przylega do mi\u0105\u017cszu.<\/p>\n<\/div>\n\n\n\n<div class=\"wp-block-column is-layout-flow wp-block-column-is-layout-flow\">\n<figure class=\"wp-block-image size-large is-resized\"><img loading=\"lazy\" decoding=\"async\" width=\"733\" height=\"1024\" src=\"https:\/\/winnicawetmanskich.pl\/wp-content\/uploads\/2026\/03\/Einset-Seedless-733x1024.jpg\" alt=\"\" class=\"wp-image-152\" style=\"aspect-ratio:0.715828647708426;width:252px;height:auto\" srcset=\"https:\/\/winnicawetmanskich.pl\/wp-content\/uploads\/2026\/03\/Einset-Seedless-733x1024.jpg 733w, https:\/\/winnicawetmanskich.pl\/wp-content\/uploads\/2026\/03\/Einset-Seedless-215x300.jpg 215w, https:\/\/winnicawetmanskich.pl\/wp-content\/uploads\/2026\/03\/Einset-Seedless-768x1073.jpg 768w, https:\/\/winnicawetmanskich.pl\/wp-content\/uploads\/2026\/03\/Einset-Seedless-1100x1536.jpg 1100w, https:\/\/winnicawetmanskich.pl\/wp-content\/uploads\/2026\/03\/Einset-Seedless-1466x2048.jpg 1466w, https:\/\/winnicawetmanskich.pl\/wp-content\/uploads\/2026\/03\/Einset-Seedless-scaled.jpg 1833w\" sizes=\"auto, (max-width: 733px) 100vw, 733px\" \/><\/figure>\n<\/div>\n<\/div>\n\n\n\n<div class=\"wp-block-columns is-layout-flex wp-container-core-columns-is-layout-28f84493 wp-block-columns-is-layout-flex\">\n<div class=\"wp-block-column is-layout-flow wp-block-column-is-layout-flow\">\n<p><strong>Muscat Bleu<\/strong><br>Sadzonki winoro\u015bli w doniczce 1,25 l i 2 l odmiany Muscat Bleu. Atrakcyjna szwajcarska odmiana deserowa o \u0142adnych gronach i du\u017cych czarnogranatowych jagodach z muszkatowym smakiem. Krzew nie ma wymaga\u0144 co do formy ci\u0119cia, dobrze plonuje przy ci\u0119ciu \u0142ozy na trzy pi\u0119ciooczkowe czopy. Pora dojrzewania \u015brednio wczesna lub wczesna (druga dekada wrze\u015bnia).<\/p>\n<\/div>\n\n\n\n<div class=\"wp-block-column is-layout-flow wp-block-column-is-layout-flow\">\n<figure class=\"wp-block-image size-large is-resized\"><img loading=\"lazy\" decoding=\"async\" width=\"672\" height=\"1024\" src=\"https:\/\/winnicawetmanskich.pl\/wp-content\/uploads\/2026\/03\/Muscat-Bleu-672x1024.jpg\" alt=\"\" class=\"wp-image-154\" style=\"aspect-ratio:0.6562581123678843;width:258px;height:auto\" srcset=\"https:\/\/winnicawetmanskich.pl\/wp-content\/uploads\/2026\/03\/Muscat-Bleu-672x1024.jpg 672w, https:\/\/winnicawetmanskich.pl\/wp-content\/uploads\/2026\/03\/Muscat-Bleu-197x300.jpg 197w, https:\/\/winnicawetmanskich.pl\/wp-content\/uploads\/2026\/03\/Muscat-Bleu-768x1171.jpg 768w, https:\/\/winnicawetmanskich.pl\/wp-content\/uploads\/2026\/03\/Muscat-Bleu-1007x1536.jpg 1007w, https:\/\/winnicawetmanskich.pl\/wp-content\/uploads\/2026\/03\/Muscat-Bleu-1343x2048.jpg 1343w, https:\/\/winnicawetmanskich.pl\/wp-content\/uploads\/2026\/03\/Muscat-Bleu-scaled.jpg 1679w\" sizes=\"auto, (max-width: 672px) 100vw, 672px\" \/><\/figure>\n<\/div>\n<\/div>\n\n\n\n<div class=\"wp-block-columns is-layout-flex wp-container-core-columns-is-layout-28f84493 wp-block-columns-is-layout-flex\">\n<div class=\"wp-block-column is-layout-flow wp-block-column-is-layout-flow\">\n<p><strong>A1704<\/strong><br>Sadzonki winoro\u015bli w doniczce 1,25 l i 2 l odmiany A1704. Beznasienna odmiana winoro\u015bli (prawdopodobnie najwi\u0119ksza z uprawianych u nas odmian beznasiennych) o bardzo przyjemnym smaku, do\u015b\u0107 zwartej konsystencji mi\u0105\u017cszu i chrupkiej sk\u00f3rce. Jagody owalne lub elipsoidalne, zielono-\u017c\u00f3\u0142te, a gdy dojrzej\u0105 z\u0142ociste z br\u0105zowym rumie\u0144cem, beznasienne.<\/p>\n<\/div>\n\n\n\n<div class=\"wp-block-column is-layout-flow wp-block-column-is-layout-flow\">\n<figure class=\"wp-block-image size-large is-resized\"><img loading=\"lazy\" decoding=\"async\" width=\"681\" height=\"1024\" src=\"https:\/\/winnicawetmanskich.pl\/wp-content\/uploads\/2026\/03\/A1704-Ananas-681x1024.jpg\" alt=\"\" class=\"wp-image-155\" style=\"aspect-ratio:0.6650506417122348;width:260px;height:auto\" srcset=\"https:\/\/winnicawetmanskich.pl\/wp-content\/uploads\/2026\/03\/A1704-Ananas-681x1024.jpg 681w, https:\/\/winnicawetmanskich.pl\/wp-content\/uploads\/2026\/03\/A1704-Ananas-199x300.jpg 199w, https:\/\/winnicawetmanskich.pl\/wp-content\/uploads\/2026\/03\/A1704-Ananas-768x1155.jpg 768w, https:\/\/winnicawetmanskich.pl\/wp-content\/uploads\/2026\/03\/A1704-Ananas-1021x1536.jpg 1021w, https:\/\/winnicawetmanskich.pl\/wp-content\/uploads\/2026\/03\/A1704-Ananas-1361x2048.jpg 1361w, https:\/\/winnicawetmanskich.pl\/wp-content\/uploads\/2026\/03\/A1704-Ananas.jpg 1649w\" sizes=\"auto, (max-width: 681px) 100vw, 681px\" \/><\/figure>\n<\/div>\n<\/div>\n\n\n\n<div class=\"wp-block-columns is-layout-flex wp-container-core-columns-is-layout-28f84493 wp-block-columns-is-layout-flex\">\n<div class=\"wp-block-column is-layout-flow wp-block-column-is-layout-flow\">\n<p><strong>Prairie Star\u00a0<\/strong><br>Sadzonki winoro\u015bli w doniczce 1,25 l i 2 l odmiany Prairie Star. Winoro\u015bl hodowli Elmera Swensona z kolekcji tzw. odmian p\u00f3\u0142nocy. Wytrzymuje mrozy nawet do -40\u00b0C. Odporno\u015b\u0107 na choroby grzybowe wysoka. Pora dojrzewania owoc\u00f3w wczesna do \u015brednio wczesnej.<\/p>\n<\/div>\n\n\n\n<div class=\"wp-block-column is-layout-flow wp-block-column-is-layout-flow\">\n<figure class=\"wp-block-image size-large is-resized\"><img loading=\"lazy\" decoding=\"async\" width=\"555\" height=\"1024\" src=\"https:\/\/winnicawetmanskich.pl\/wp-content\/uploads\/2026\/03\/Prairie-Star-555x1024.jpg\" alt=\"\" class=\"wp-image-156\" style=\"aspect-ratio:0.5419991117781283;width:269px;height:auto\" srcset=\"https:\/\/winnicawetmanskich.pl\/wp-content\/uploads\/2026\/03\/Prairie-Star-555x1024.jpg 555w, https:\/\/winnicawetmanskich.pl\/wp-content\/uploads\/2026\/03\/Prairie-Star-163x300.jpg 163w, https:\/\/winnicawetmanskich.pl\/wp-content\/uploads\/2026\/03\/Prairie-Star-768x1417.jpg 768w, https:\/\/winnicawetmanskich.pl\/wp-content\/uploads\/2026\/03\/Prairie-Star-833x1536.jpg 833w, https:\/\/winnicawetmanskich.pl\/wp-content\/uploads\/2026\/03\/Prairie-Star-1110x2048.jpg 1110w, https:\/\/winnicawetmanskich.pl\/wp-content\/uploads\/2026\/03\/Prairie-Star.jpg 1370w\" sizes=\"auto, (max-width: 555px) 100vw, 555px\" \/><\/figure>\n<\/div>\n<\/div>\n\n\n\n<figure class=\"wp-block-table\"><table class=\"has-border-color has-base-border-color has-fixed-layout\"><tbody><tr><td><\/td><td><\/td><\/tr><tr><td><\/td><td><\/td><\/tr><tr><td><\/td><td><\/td><\/tr><tr><td><\/td><td><\/td><\/tr><tr><td><\/td><td><\/td><\/tr><tr><td><\/td><td><\/td><\/tr><\/tbody><\/table><\/figure>\n\n\n\n<p><\/p>\n\n\n\n<p><\/p>\n","protected":false},"excerpt":{"rendered":"<p>Opr\u00f3cz win mo\u017cna u nas kupi\u0107 tak\u017ce sadzonki winoro\u015bli.&nbsp; W ofercie mamy nast\u0119puj\u0105ce odmiany: HeridanSadzonki winoro\u015bli w doniczce 1,25 l \u2013 2 l odmiany przerobowej na sok i wino Heridan. Wzrost krzew\u00f3w \u015brednio silny, plenno\u015b\u0107 \u015brednio wysoka. Wytrzyma\u0142o\u015b\u0107 na mr\u00f3z w granicach -30\u00b0C, odporno\u015b\u0107 na choroby wysoka. Wino o dobrej strukturze, ciemnoczerwone, o do\u015b\u0107 typowych [&hellip;]<\/p>\n","protected":false},"author":1,"featured_media":0,"parent":0,"menu_order":0,"comment_status":"closed","ping_status":"closed","template":"","meta":{"footnotes":""},"class_list":["post-74","page","type-page","status-publish","hentry"],"_links":{"self":[{"href":"https:\/\/winnicawetmanskich.pl\/index.php?rest_route=\/wp\/v2\/pages\/74","targetHints":{"allow":["GET"]}}],"collection":[{"href":"https:\/\/winnicawetmanskich.pl\/index.php?rest_route=\/wp\/v2\/pages"}],"about":[{"href":"https:\/\/winnicawetmanskich.pl\/index.php?rest_route=\/wp\/v2\/types\/page"}],"author":[{"embeddable":true,"href":"https:\/\/winnicawetmanskich.pl\/index.php?rest_route=\/wp\/v2\/users\/1"}],"replies":[{"embeddable":true,"href":"https:\/\/winnicawetmanskich.pl\/index.php?rest_route=%2Fwp%2Fv2%2Fcomments&post=74"}],"version-history":[{"count":5,"href":"https:\/\/winnicawetmanskich.pl\/index.php?rest_route=\/wp\/v2\/pages\/74\/revisions"}],"predecessor-version":[{"id":157,"href":"https:\/\/winnicawetmanskich.pl\/index.php?rest_route=\/wp\/v2\/pages\/74\/revisions\/157"}],"wp:attachment":[{"href":"https:\/\/winnicawetmanskich.pl\/index.php?rest_route=%2Fwp%2Fv2%2Fmedia&parent=74"}],"curies":[{"name":"wp","href":"https:\/\/api.w.org\/{rel}","templated":true}]}}