{"id":80,"date":"2026-03-01T17:39:02","date_gmt":"2026-03-01T16:39:02","guid":{"rendered":"https:\/\/zomado.pl\/?page_id=80"},"modified":"2026-03-21T18:12:20","modified_gmt":"2026-03-21T18:12:20","slug":"szkolenia","status":"publish","type":"page","link":"https:\/\/winnicawetmanskich.pl\/?page_id=80","title":{"rendered":"Szkolenia"},"content":{"rendered":"\n<p><\/p>\n\n\n\n<p>W okresie zimowym przeprowadzamy szkolenia z ci\u0119cia i formowania winoro\u015bli oraz bor\u00f3wki ameryka\u0144skiej. Demonstrujemy sposoby ci\u0119cia i&nbsp;omawiamy zagro\u017cenia spowodowane niew\u0142a\u015bciwym formowaniem ro\u015blin. Pokaz po\u0142\u0105czony jest z&nbsp;degustacj\u0105 naszych win i&nbsp;sok\u00f3w.<\/p>\n\n\n\n<figure class=\"wp-block-gallery has-nested-images columns-default is-cropped wp-block-gallery-1 is-layout-flex wp-block-gallery-is-layout-flex\">\n<figure class=\"wp-block-image size-large\"><img loading=\"lazy\" decoding=\"async\" width=\"720\" height=\"480\" data-id=\"142\" src=\"https:\/\/winnicawetmanskich.pl\/wp-content\/uploads\/2026\/03\/IMG_1021.jpg\" alt=\"\" class=\"wp-image-142\" srcset=\"https:\/\/winnicawetmanskich.pl\/wp-content\/uploads\/2026\/03\/IMG_1021.jpg 720w, https:\/\/winnicawetmanskich.pl\/wp-content\/uploads\/2026\/03\/IMG_1021-300x200.jpg 300w\" sizes=\"auto, (max-width: 720px) 100vw, 720px\" \/><\/figure>\n\n\n\n<figure class=\"wp-block-image size-large\"><img loading=\"lazy\" decoding=\"async\" width=\"1024\" height=\"461\" data-id=\"143\" src=\"https:\/\/winnicawetmanskich.pl\/wp-content\/uploads\/2026\/03\/Winnica-zbiory2-1024x461.jpg\" alt=\"\" class=\"wp-image-143\" srcset=\"https:\/\/winnicawetmanskich.pl\/wp-content\/uploads\/2026\/03\/Winnica-zbiory2-1024x461.jpg 1024w, https:\/\/winnicawetmanskich.pl\/wp-content\/uploads\/2026\/03\/Winnica-zbiory2-300x135.jpg 300w, https:\/\/winnicawetmanskich.pl\/wp-content\/uploads\/2026\/03\/Winnica-zbiory2-768x346.jpg 768w, https:\/\/winnicawetmanskich.pl\/wp-content\/uploads\/2026\/03\/Winnica-zbiory2-1536x691.jpg 1536w, https:\/\/winnicawetmanskich.pl\/wp-content\/uploads\/2026\/03\/Winnica-zbiory2-2048x922.jpg 2048w\" sizes=\"auto, (max-width: 1024px) 100vw, 1024px\" \/><\/figure>\n\n\n\n<figure class=\"wp-block-image size-large\"><img loading=\"lazy\" decoding=\"async\" width=\"461\" height=\"1024\" data-id=\"145\" src=\"https:\/\/winnicawetmanskich.pl\/wp-content\/uploads\/2026\/03\/Winnica-lato3-461x1024.jpg\" alt=\"\" class=\"wp-image-145\" srcset=\"https:\/\/winnicawetmanskich.pl\/wp-content\/uploads\/2026\/03\/Winnica-lato3-461x1024.jpg 461w, https:\/\/winnicawetmanskich.pl\/wp-content\/uploads\/2026\/03\/Winnica-lato3-135x300.jpg 135w, https:\/\/winnicawetmanskich.pl\/wp-content\/uploads\/2026\/03\/Winnica-lato3-768x1707.jpg 768w, https:\/\/winnicawetmanskich.pl\/wp-content\/uploads\/2026\/03\/Winnica-lato3-691x1536.jpg 691w, https:\/\/winnicawetmanskich.pl\/wp-content\/uploads\/2026\/03\/Winnica-lato3-922x2048.jpg 922w, https:\/\/winnicawetmanskich.pl\/wp-content\/uploads\/2026\/03\/Winnica-lato3-scaled.jpg 1152w\" sizes=\"auto, (max-width: 461px) 100vw, 461px\" \/><\/figure>\n\n\n\n<figure class=\"wp-block-image size-large\"><img loading=\"lazy\" decoding=\"async\" width=\"461\" height=\"1024\" data-id=\"144\" src=\"https:\/\/winnicawetmanskich.pl\/wp-content\/uploads\/2026\/03\/Winnica-lato6-461x1024.jpg\" alt=\"\" class=\"wp-image-144\" srcset=\"https:\/\/winnicawetmanskich.pl\/wp-content\/uploads\/2026\/03\/Winnica-lato6-461x1024.jpg 461w, https:\/\/winnicawetmanskich.pl\/wp-content\/uploads\/2026\/03\/Winnica-lato6-135x300.jpg 135w, https:\/\/winnicawetmanskich.pl\/wp-content\/uploads\/2026\/03\/Winnica-lato6-768x1707.jpg 768w, https:\/\/winnicawetmanskich.pl\/wp-content\/uploads\/2026\/03\/Winnica-lato6-691x1536.jpg 691w, https:\/\/winnicawetmanskich.pl\/wp-content\/uploads\/2026\/03\/Winnica-lato6-922x2048.jpg 922w, https:\/\/winnicawetmanskich.pl\/wp-content\/uploads\/2026\/03\/Winnica-lato6-scaled.jpg 1152w\" sizes=\"auto, (max-width: 461px) 100vw, 461px\" \/><\/figure>\n<\/figure>\n\n\n\n<figure class=\"wp-block-image size-large\"><img loading=\"lazy\" decoding=\"async\" width=\"1024\" height=\"597\" src=\"https:\/\/winnicawetmanskich.pl\/wp-content\/uploads\/2026\/03\/image-1-1024x597.png\" alt=\"\" class=\"wp-image-98\" srcset=\"https:\/\/winnicawetmanskich.pl\/wp-content\/uploads\/2026\/03\/image-1-1024x597.png 1024w, https:\/\/winnicawetmanskich.pl\/wp-content\/uploads\/2026\/03\/image-1-300x175.png 300w, https:\/\/winnicawetmanskich.pl\/wp-content\/uploads\/2026\/03\/image-1-768x448.png 768w, https:\/\/winnicawetmanskich.pl\/wp-content\/uploads\/2026\/03\/image-1-1536x896.png 1536w, https:\/\/winnicawetmanskich.pl\/wp-content\/uploads\/2026\/03\/image-1.png 1992w\" sizes=\"auto, (max-width: 1024px) 100vw, 1024px\" \/><\/figure>\n\n\n\n<p><br><\/p>\n","protected":false},"excerpt":{"rendered":"<p>W okresie zimowym przeprowadzamy szkolenia z ci\u0119cia i formowania winoro\u015bli oraz bor\u00f3wki ameryka\u0144skiej. Demonstrujemy sposoby ci\u0119cia i&nbsp;omawiamy zagro\u017cenia spowodowane niew\u0142a\u015bciwym formowaniem ro\u015blin. Pokaz po\u0142\u0105czony jest z&nbsp;degustacj\u0105 naszych win i&nbsp;sok\u00f3w.<\/p>\n","protected":false},"author":1,"featured_media":0,"parent":0,"menu_order":0,"comment_status":"closed","ping_status":"closed","template":"","meta":{"footnotes":""},"class_list":["post-80","page","type-page","status-publish","hentry"],"_links":{"self":[{"href":"https:\/\/winnicawetmanskich.pl\/index.php?rest_route=\/wp\/v2\/pages\/80","targetHints":{"allow":["GET"]}}],"collection":[{"href":"https:\/\/winnicawetmanskich.pl\/index.php?rest_route=\/wp\/v2\/pages"}],"about":[{"href":"https:\/\/winnicawetmanskich.pl\/index.php?rest_route=\/wp\/v2\/types\/page"}],"author":[{"embeddable":true,"href":"https:\/\/winnicawetmanskich.pl\/index.php?rest_route=\/wp\/v2\/users\/1"}],"replies":[{"embeddable":true,"href":"https:\/\/winnicawetmanskich.pl\/index.php?rest_route=%2Fwp%2Fv2%2Fcomments&post=80"}],"version-history":[{"count":1,"href":"https:\/\/winnicawetmanskich.pl\/index.php?rest_route=\/wp\/v2\/pages\/80\/revisions"}],"predecessor-version":[{"id":146,"href":"https:\/\/winnicawetmanskich.pl\/index.php?rest_route=\/wp\/v2\/pages\/80\/revisions\/146"}],"wp:attachment":[{"href":"https:\/\/winnicawetmanskich.pl\/index.php?rest_route=%2Fwp%2Fv2%2Fmedia&parent=80"}],"curies":[{"name":"wp","href":"https:\/\/api.w.org\/{rel}","templated":true}]}}